{"id":6,"date":"2013-11-14T14:47:06","date_gmt":"2013-11-14T14:47:06","guid":{"rendered":"http:\/\/localhost\/lemmikkikulma_wamp\/?page_id=2"},"modified":"2018-09-24T12:13:14","modified_gmt":"2018-09-24T12:13:14","slug":"sample-page-2","status":"publish","type":"page","link":"http:\/\/www.lemmikkikulma.fi\/?page_id=6","title":{"rendered":"Palvelut"},"content":{"rendered":"<p>Lemmikkikulman palvelut l\u00f6yd\u00e4t viereisest\u00e4 listasta. Klikkaa palvelua tutustuaksesi siihen tarkemmin!<\/p>\n","protected":false},"excerpt":{"rendered":"<p>Lemmikkikulman palvelut l\u00f6yd\u00e4t viereisest\u00e4 listasta. Klikkaa palvelua tutustuaksesi siihen tarkemmin!<\/p>\n","protected":false},"author":1,"featured_media":0,"parent":0,"menu_order":1,"comment_status":"open","ping_status":"open","template":"content-sidebar-page.php","meta":[],"_links":{"self":[{"href":"http:\/\/www.lemmikkikulma.fi\/index.php?rest_route=\/wp\/v2\/pages\/6"}],"collection":[{"href":"http:\/\/www.lemmikkikulma.fi\/index.php?rest_route=\/wp\/v2\/pages"}],"about":[{"href":"http:\/\/www.lemmikkikulma.fi\/index.php?rest_route=\/wp\/v2\/types\/page"}],"author":[{"embeddable":true,"href":"http:\/\/www.lemmikkikulma.fi\/index.php?rest_route=\/wp\/v2\/users\/1"}],"replies":[{"embeddable":true,"href":"http:\/\/www.lemmikkikulma.fi\/index.php?rest_route=%2Fwp%2Fv2%2Fcomments&post=6"}],"version-history":[{"count":3,"href":"http:\/\/www.lemmikkikulma.fi\/index.php?rest_route=\/wp\/v2\/pages\/6\/revisions"}],"predecessor-version":[{"id":256,"href":"http:\/\/www.lemmikkikulma.fi\/index.php?rest_route=\/wp\/v2\/pages\/6\/revisions\/256"}],"wp:attachment":[{"href":"http:\/\/www.lemmikkikulma.fi\/index.php?rest_route=%2Fwp%2Fv2%2Fmedia&parent=6"}],"curies":[{"name":"wp","href":"https:\/\/api.w.org\/{rel}","templated":true}]}}