{"id":36,"date":"2013-12-16T16:16:37","date_gmt":"2013-12-16T16:16:37","guid":{"rendered":"http:\/\/localhost\/lemmikkikulma_wamp\/?page_id=36"},"modified":"2014-03-29T14:47:56","modified_gmt":"2014-03-29T14:47:56","slug":"kotiinkuljetuspalvelu","status":"publish","type":"page","link":"http:\/\/www.lemmikkikulma.fi\/?page_id=36","title":{"rendered":"Kotiinkuljetuspalvelu"},"content":{"rendered":"<p>Kotiinkuljetuspalvelun voit tilata Lemmikkikulman numerosta 09 428 92 503.<\/p>\n<p>Palvelu on tarkoitettu p\u00e4\u00e4s\u00e4\u00e4nt\u00f6isesti isojen koiranruokas\u00e4kkien ja kissanhiekkas\u00e4kkien kuljetukseen sek\u00e4 isompien el\u00e4intarvikkeiden kuljetukseen.<\/p>\n<p>Kotiinkuljetuksen hinta on Helsingin alueella 5-10 euroa ja Espoon\/Vantaan alueella 15 euroa.<\/p>\n<p>&nbsp;<\/p>\n<p><a href=\"http:\/\/www.lemmikkikulma.fi\/wp-content\/uploads\/2013\/12\/Auto.jpg\"><img decoding=\"async\" loading=\"lazy\" alt=\"Auto\" src=\"http:\/\/www.lemmikkikulma.fi\/wp-content\/uploads\/2013\/12\/Auto.jpg\" width=\"262\" height=\"192\" \/><\/a><\/p>\n","protected":false},"excerpt":{"rendered":"<p>Kotiinkuljetuspalvelun voit tilata Lemmikkikulman numerosta 09 428 92 503. Palvelu on tarkoitettu p\u00e4\u00e4s\u00e4\u00e4nt\u00f6isesti isojen koiranruokas\u00e4kkien ja kissanhiekkas\u00e4kkien kuljetukseen sek\u00e4 isompien el\u00e4intarvikkeiden kuljetukseen. Kotiinkuljetuksen hinta on Helsingin alueella 5-10 euroa ja Espoon\/Vantaan alueella 15 euroa. &nbsp;<\/p>\n","protected":false},"author":1,"featured_media":0,"parent":6,"menu_order":8,"comment_status":"open","ping_status":"open","template":"content-sidebar-page.php","meta":[],"_links":{"self":[{"href":"http:\/\/www.lemmikkikulma.fi\/index.php?rest_route=\/wp\/v2\/pages\/36"}],"collection":[{"href":"http:\/\/www.lemmikkikulma.fi\/index.php?rest_route=\/wp\/v2\/pages"}],"about":[{"href":"http:\/\/www.lemmikkikulma.fi\/index.php?rest_route=\/wp\/v2\/types\/page"}],"author":[{"embeddable":true,"href":"http:\/\/www.lemmikkikulma.fi\/index.php?rest_route=\/wp\/v2\/users\/1"}],"replies":[{"embeddable":true,"href":"http:\/\/www.lemmikkikulma.fi\/index.php?rest_route=%2Fwp%2Fv2%2Fcomments&post=36"}],"version-history":[{"count":5,"href":"http:\/\/www.lemmikkikulma.fi\/index.php?rest_route=\/wp\/v2\/pages\/36\/revisions"}],"predecessor-version":[{"id":106,"href":"http:\/\/www.lemmikkikulma.fi\/index.php?rest_route=\/wp\/v2\/pages\/36\/revisions\/106"}],"up":[{"embeddable":true,"href":"http:\/\/www.lemmikkikulma.fi\/index.php?rest_route=\/wp\/v2\/pages\/6"}],"wp:attachment":[{"href":"http:\/\/www.lemmikkikulma.fi\/index.php?rest_route=%2Fwp%2Fv2%2Fmedia&parent=36"}],"curies":[{"name":"wp","href":"https:\/\/api.w.org\/{rel}","templated":true}]}}