{"id":34,"date":"2013-12-16T16:16:20","date_gmt":"2013-12-16T16:16:20","guid":{"rendered":"http:\/\/localhost\/lemmikkikulma_wamp\/?page_id=34"},"modified":"2020-09-01T06:49:01","modified_gmt":"2020-09-01T06:49:01","slug":"osteopaatti","status":"publish","type":"page","link":"http:\/\/www.lemmikkikulma.fi\/?page_id=34","title":{"rendered":"Osteopaatti"},"content":{"rendered":"<p>Markus Laios<\/p>\n<p>Olen koulutukseltani osteopaatti, fysioterapeutti ja el\u00e4in-fysioterapeutti. Valmistuin fysioterapeutiksi vuonna 2004 Helsingin Ammattikorkeakoulu Stadiasta (nyk. Metropolia). El\u00e4infysioterapeutiksi valmistuin Satakunnan Ammattikorkeakoulusta vuonna 2005. Samana vuonna aloitin klassisen osteopatian opinnot Kairon-instituutin 5-vuotisessa koulutusohjelmassa. Osteopatian opintoni Kaironissa keskeytyiv\u00e4t kolmannen vuoden lopulla. Loppukoulutukseni suoritin loppuun Osteopatiakoulu Atlaksessa. Valmistuin lopullisesti osteopaatiksi vuonna 2015. V\u00e4livuosinani osteopatiakoulutuksesta suoritin useampia el\u00e4inosteopatian erikoistumis-koulutuksia, jotka olivat suunnattuja el\u00e4inl\u00e4\u00e4k\u00e4reille, el\u00e4in-fysioterapeuteille ja osteopaateille.<\/p>\n<p>Aloitin aikanaan el\u00e4infysioterapiasta vastaavana fysioterapeuttina v. 2003 Espoon El\u00e4insairaalassa, joitakin kuukausia ennen fysioterapeutiksi valmistumistani. T\u00e4ll\u00f6in vastuullani oli tiett\u00e4v\u00e4sti Suomen ensimm\u00e4inen yksityisen el\u00e4insairaalan yhteydess\u00e4 toimiva fysioterapiaosasto. Tuolta ajalta per\u00e4isin oleva kokemus ja kontaktit Suomen eturivin ortopedisten- ja neurologisten el\u00e4inl\u00e4\u00e4k\u00e4rien kanssa kantavat yh\u00e4 edelleen.<\/p>\n<p>My\u00f6hemmin siirryin jatkamaan ty\u00f6t\u00e4ni kokonaan oman yritykseni alle ja omalle vastaanotolleni, sek\u00e4 muutamalle eri el\u00e4inpainotteiselle vastaanotolle. Vuodesta 2005 l\u00e4htien olen toteuttanut ty\u00f6ss\u00e4ni osteopaattisia tekniikoita ja hoitofilosofiaa fysioterapeuttisen hoidon tukena. V\u00e4hitellen vuosien aikana perustason fysioterapia on j\u00e4\u00e4nyt hoidossa v\u00e4hemm\u00e4lle ja v\u00e4hemm\u00e4lle. T\u00e4n\u00e4 p\u00e4iv\u00e4n\u00e4 olen osteopaatti, mutta fysioterapeutin taustan koen vahvuudeksi my\u00f6s osteopatiassa.<\/p>\n<p>Markus ottaa vastaan Lemmikkikulmassa kaksi kertaa kuukaudessa. Hoitokerran hinta on 80 \u20ac. Maksutapa k\u00e4teinen\/luottokortti.<\/p>\n<p>Ajanvaraus Lemmikkikulman numerosta 09 428 92 503.<\/p>\n<div id=\"i0pq6wnz_0\" data-packed=\"true\" data-vertical-text=\"false\">Hoito sis\u00e4lt\u00e4\u00e4 tutkimuksen\u00a0ja suulliset ohjeet, kesto n. 25-40 minHUOM! Hoitoaikojen peruutukset tai siirrot viimeist\u00e4\u00e4n 24 h ennen varattua aikaa tekstiviestill\u00e4 040 5243 621<\/p>\n<p>(Peruuttamattomasta tai my\u00f6h\u00e4ss\u00e4 peruutetusta\u00a0ajasta perimme normaalin hoitohinnan)<\/p>\n<\/div>\n<p>&nbsp;<\/p>\n<p><a href=\"http:\/\/www.lemmikkikulma.fi\/wp-content\/uploads\/2013\/12\/20150413_153617-e1430031478526.jpg\"><img decoding=\"async\" loading=\"lazy\" class=\"alignnone size-medium wp-image-191\" alt=\"20150413_153617\" src=\"http:\/\/www.lemmikkikulma.fi\/wp-content\/uploads\/2013\/12\/20150413_153617-e1430031478526-168x300.jpg\" width=\"168\" height=\"300\" srcset=\"http:\/\/www.lemmikkikulma.fi\/wp-content\/uploads\/2013\/12\/20150413_153617-e1430031478526-168x300.jpg 168w, http:\/\/www.lemmikkikulma.fi\/wp-content\/uploads\/2013\/12\/20150413_153617-e1430031478526-576x1024.jpg 576w\" sizes=\"(max-width: 168px) 100vw, 168px\" \/><\/a><a href=\"http:\/\/www.lemmikkikulma.fi\/wp-content\/uploads\/2013\/12\/20150413_153627-e1430031542940.jpg\"><img decoding=\"async\" loading=\"lazy\" class=\"alignnone size-medium wp-image-192\" alt=\"20150413_153627\" src=\"http:\/\/www.lemmikkikulma.fi\/wp-content\/uploads\/2013\/12\/20150413_153627-e1430031542940-168x300.jpg\" width=\"168\" height=\"300\" srcset=\"http:\/\/www.lemmikkikulma.fi\/wp-content\/uploads\/2013\/12\/20150413_153627-e1430031542940-168x300.jpg 168w, http:\/\/www.lemmikkikulma.fi\/wp-content\/uploads\/2013\/12\/20150413_153627-e1430031542940-576x1024.jpg 576w\" sizes=\"(max-width: 168px) 100vw, 168px\" \/><\/a><\/p>\n<p>&nbsp;<\/p>\n","protected":false},"excerpt":{"rendered":"<p>Markus Laios Olen koulutukseltani osteopaatti, fysioterapeutti ja el\u00e4in-fysioterapeutti. Valmistuin fysioterapeutiksi vuonna 2004 Helsingin Ammattikorkeakoulu Stadiasta (nyk. Metropolia). El\u00e4infysioterapeutiksi valmistuin Satakunnan Ammattikorkeakoulusta vuonna 2005. Samana vuonna aloitin klassisen osteopatian opinnot Kairon-instituutin 5-vuotisessa koulutusohjelmassa. Osteopatian opintoni Kaironissa keskeytyiv\u00e4t kolmannen vuoden lopulla. Loppukoulutukseni<span class=\"ellipsis\">&hellip;<\/span><\/p>\n<div class=\"read-more\"><a href=\"http:\/\/www.lemmikkikulma.fi\/?page_id=34\">Read more &#8250;<\/a><\/div>\n<p><!-- end of .read-more --><\/p>\n","protected":false},"author":1,"featured_media":0,"parent":6,"menu_order":7,"comment_status":"open","ping_status":"open","template":"content-sidebar-page.php","meta":[],"_links":{"self":[{"href":"http:\/\/www.lemmikkikulma.fi\/index.php?rest_route=\/wp\/v2\/pages\/34"}],"collection":[{"href":"http:\/\/www.lemmikkikulma.fi\/index.php?rest_route=\/wp\/v2\/pages"}],"about":[{"href":"http:\/\/www.lemmikkikulma.fi\/index.php?rest_route=\/wp\/v2\/types\/page"}],"author":[{"embeddable":true,"href":"http:\/\/www.lemmikkikulma.fi\/index.php?rest_route=\/wp\/v2\/users\/1"}],"replies":[{"embeddable":true,"href":"http:\/\/www.lemmikkikulma.fi\/index.php?rest_route=%2Fwp%2Fv2%2Fcomments&post=34"}],"version-history":[{"count":9,"href":"http:\/\/www.lemmikkikulma.fi\/index.php?rest_route=\/wp\/v2\/pages\/34\/revisions"}],"predecessor-version":[{"id":313,"href":"http:\/\/www.lemmikkikulma.fi\/index.php?rest_route=\/wp\/v2\/pages\/34\/revisions\/313"}],"up":[{"embeddable":true,"href":"http:\/\/www.lemmikkikulma.fi\/index.php?rest_route=\/wp\/v2\/pages\/6"}],"wp:attachment":[{"href":"http:\/\/www.lemmikkikulma.fi\/index.php?rest_route=%2Fwp%2Fv2%2Fmedia&parent=34"}],"curies":[{"name":"wp","href":"https:\/\/api.w.org\/{rel}","templated":true}]}}