{"id":30,"date":"2013-12-16T16:15:43","date_gmt":"2013-12-16T16:15:43","guid":{"rendered":"http:\/\/localhost\/lemmikkikulma_wamp\/?page_id=30"},"modified":"2023-11-03T12:52:56","modified_gmt":"2023-11-03T12:52:56","slug":"elainlaakari","status":"publish","type":"page","link":"http:\/\/www.lemmikkikulma.fi\/?page_id=30","title":{"rendered":"El\u00e4inl\u00e4\u00e4k\u00e4ri"},"content":{"rendered":"<p>El\u00e4inl\u00e4\u00e4k\u00e4ri Joanna Lehmusto on Lemmikkikulmassa aina keskiviikkoisin<\/p>\n<p>Ajanvarauksen Lemmikkikulman numerosta 050 3645448<\/p>\n<p>Toimenpide-esimerkkej\u00e4 ja hintoja:<\/p>\n<p>Rokotukset:<\/p>\n<p>-koiran kennelysk\u00e4\/nelosrokotus 60\u20ac,<\/p>\n<p>-koiran nelosrokotus + raivotautirokotus 65\u20ac<\/p>\n<p>-kissan kolmoisrokotus 60\u20ac<\/p>\n<p>-kissan kolmoisrokotus + raivotautirokotus 65\u20ac<\/p>\n<p>Librela pistos 60\u20ac &#8211; 81\u20ac riippuen koiran painosta<\/p>\n<p>Cytopoint pistos 61\u20ac &#8211; 139\u20ac riippuen koiran painosta<\/p>\n<p>Ekinokokkil\u00e4\u00e4kitys 40\u20ac + l\u00e4\u00e4kkeen hinta \/ k\u00e4yntikerta<\/p>\n<p>Lemmikkiel\u00e4inpassi 70\u20ac<\/p>\n<p>Anaalirauhasten tyhjennys 50\u20ac<\/p>\n<p>Punkin poisto 30\u20ac\/35\u20ac<\/p>\n<p>Muita toimenpiteit\u00e4 mit\u00e4 voidaan tehd\u00e4: Pentutarkastus ja sirutus, terveystarkastus(toistaiseksi ei verin\u00e4ytteit\u00e4), tarkastus + punkkil\u00e4\u00e4kereseptin kirjoitus, silm\u00e4tulehduksen hoito, ulostetutkimukset loisten varalta sek\u00e4 pienten haavojen hoito, mitk\u00e4 ei vaadi tikkausta (hotspot, ihottuma)<\/p>\n<p>Hei,<\/p>\n<p>Asun Munkkiniemess\u00e4 ja olen tehnyt t\u00f6it\u00e4 kunnanel\u00e4inl\u00e4\u00e4k\u00e4rin\u00e4 kes\u00e4st\u00e4 2020 alkaen Forssan ja Savonlinnan seudulla, suurimmaksi osaksi pienel\u00e4inten parissa. Sit\u00e4 ennen olen ollut pienel\u00e4inklinikalla t\u00f6iss\u00e4 hoitajana.<\/p>\n<p>Itsell\u00e4ni on ollut kotona el\u00e4imi\u00e4 marsuista hevosiin ja harrastan ratsastusta.<\/p>\n<p>Tervetuloa vastaanotolleni Lemmikkikulmaan.<\/p>\n<p>-Joanna<\/p>\n<p><a href=\"http:\/\/www.lemmikkikulma.fi\/wp-content\/uploads\/2013\/12\/Joanna-2.jpeg\"><img decoding=\"async\" loading=\"lazy\" class=\"alignnone  wp-image-386\" src=\"http:\/\/www.lemmikkikulma.fi\/wp-content\/uploads\/2013\/12\/Joanna-2.jpeg\" alt=\"Joanna (2)\" width=\"443\" height=\"547\" srcset=\"http:\/\/www.lemmikkikulma.fi\/wp-content\/uploads\/2013\/12\/Joanna-2.jpeg 739w, http:\/\/www.lemmikkikulma.fi\/wp-content\/uploads\/2013\/12\/Joanna-2-243x300.jpeg 243w\" sizes=\"(max-width: 443px) 100vw, 443px\" \/><\/a><\/p>\n","protected":false},"excerpt":{"rendered":"<p>El\u00e4inl\u00e4\u00e4k\u00e4ri Joanna Lehmusto on Lemmikkikulmassa aina keskiviikkoisin Ajanvarauksen Lemmikkikulman numerosta 050 3645448 Toimenpide-esimerkkej\u00e4 ja hintoja: Rokotukset: -koiran kennelysk\u00e4\/nelosrokotus 60\u20ac, -koiran nelosrokotus + raivotautirokotus 65\u20ac -kissan kolmoisrokotus 60\u20ac -kissan kolmoisrokotus + raivotautirokotus 65\u20ac Librela pistos 60\u20ac &#8211; 81\u20ac riippuen koiran painosta<span class=\"ellipsis\">&hellip;<\/span><\/p>\n<div class=\"read-more\"><a href=\"http:\/\/www.lemmikkikulma.fi\/?page_id=30\">Read more &#8250;<\/a><\/div>\n<p><!-- end of .read-more --><\/p>\n","protected":false},"author":1,"featured_media":0,"parent":6,"menu_order":3,"comment_status":"open","ping_status":"open","template":"content-sidebar-page.php","meta":[],"_links":{"self":[{"href":"http:\/\/www.lemmikkikulma.fi\/index.php?rest_route=\/wp\/v2\/pages\/30"}],"collection":[{"href":"http:\/\/www.lemmikkikulma.fi\/index.php?rest_route=\/wp\/v2\/pages"}],"about":[{"href":"http:\/\/www.lemmikkikulma.fi\/index.php?rest_route=\/wp\/v2\/types\/page"}],"author":[{"embeddable":true,"href":"http:\/\/www.lemmikkikulma.fi\/index.php?rest_route=\/wp\/v2\/users\/1"}],"replies":[{"embeddable":true,"href":"http:\/\/www.lemmikkikulma.fi\/index.php?rest_route=%2Fwp%2Fv2%2Fcomments&post=30"}],"version-history":[{"count":19,"href":"http:\/\/www.lemmikkikulma.fi\/index.php?rest_route=\/wp\/v2\/pages\/30\/revisions"}],"predecessor-version":[{"id":445,"href":"http:\/\/www.lemmikkikulma.fi\/index.php?rest_route=\/wp\/v2\/pages\/30\/revisions\/445"}],"up":[{"embeddable":true,"href":"http:\/\/www.lemmikkikulma.fi\/index.php?rest_route=\/wp\/v2\/pages\/6"}],"wp:attachment":[{"href":"http:\/\/www.lemmikkikulma.fi\/index.php?rest_route=%2Fwp%2Fv2%2Fmedia&parent=30"}],"curies":[{"name":"wp","href":"https:\/\/api.w.org\/{rel}","templated":true}]}}