{"id":27,"date":"2013-12-16T16:15:13","date_gmt":"2013-12-16T16:15:13","guid":{"rendered":"http:\/\/localhost\/lemmikkikulma_wamp\/?page_id=26"},"modified":"2023-02-07T10:02:42","modified_gmt":"2023-02-07T10:02:42","slug":"groomers-trimmaaja","status":"publish","type":"page","link":"http:\/\/www.lemmikkikulma.fi\/?page_id=27","title":{"rendered":"Trimmaaja"},"content":{"rendered":"<p>STADIN MURRE tmi\u00a0 on koirien hyvinvointiin erikoistunut trimmausliike. Yritys on toiminut eri puolilla p\u00e4\u00e4kaupunkiamme jo yli 25- vuoden ajan, ja viimeiset viisi vuotta olemme tehneet jalansijaa Munkkiniemess\u00e4 sijaitsevan LEMMIKKIKULMAN yhteydess\u00e4. Asiakaskuntamme on kirjoltaan laaja, ja moni asiakkaistamme onkin jo s\u00e4\u00e4nn\u00f6llisesti huoltoon saapuva kanta-asiakas. Trimmaamme koiria rotuun katsomatta vankalla ammattitaidolla\u00a0 pennusta tai rasavillist\u00e4 nuorukaisesta aina vaariin saakka. Koirasi hyvinvointi on meille erityisen t\u00e4rke\u00e4\u00e4 ja ymm\u00e4rr\u00e4mme my\u00f6s yksill\u00f6llisi\u00e4 tarpeita. Meill\u00e4 koiria kohdellaan aina hyvin!<\/p>\n<p>Huom! T\u00e4ll\u00e4 hetkell\u00e4 emme voi palvella kissojen tai jyrsij\u00f6iden omistajia, emmek\u00e4 my\u00f6sk\u00e4\u00e4n leikkaa lintujen kynsi\u00e4.<\/p>\n<p>AJANVARAUS<\/p>\n<p>Arkisin ma-pe kello 10-18 numerosta 050 5177505\/ Wellu.<\/p>\n<p>PALVELUT<\/p>\n<p>Kaikenrotuiset koirat ovat tervetulleita meille oli kyseess\u00e4 sitten nypitt\u00e4v\u00e4, leikattava, ajeltava tai vaan pest\u00e4v\u00e4 koira. Leikkaamme kynsi\u00e4, siistimme kulmakarvoja, py\u00f6rist\u00e4mme tassuja ja nypimme korvak\u00e4yt\u00e4v\u00e4t puhtaiksi. Meill\u00e4 on t\u00e4ydet pesumahdollisuudet ja kaksimoottorinen turbof\u00f6\u00f6ni. N\u00e4yttelytrimmauksia &#8211; ja siistimisi\u00e4 teemme useimmille roduille, ja\u00a0 suunnittelemme \u201d rakennusvaiheet\u201d yhdess\u00e4 omistajan kanssa. Voit my\u00f6s tulla konsultaatioon pentusi tai varttuneemman koirasi kanssa, mik\u00e4li joku turkinhoitoon liittyv\u00e4 seikka askarruttaa sinua, tai jos tarvitset yksil\u00f6llist\u00e4 opastusta. Kaikkiin toimenpiteisiin kuuluu varata aika arkisin klo 10-18.00 v\u00e4lill\u00e4 joko puhelimitse 050 5177505 tai k\u00e4v\u00e4isem\u00e4ll\u00e4 paikan p\u00e4\u00e4ll\u00e4.<\/p>\n<p>NON-STOP KYNSIENLEIKKAUS<\/p>\n<p>Mik\u00e4li koirasi EI tarvitse erikoistoimenpiteit\u00e4, kuten kuonokoppaa tai omaa aikaa ilman muita asiakkaita, toista trimmaaj a pitelij\u00e4ksi tai jotain tietty\u00e4 leikkaajaa, voit tuoda koirasi kynsienleikkuuseen ILMAN AJANVARUSTA ti-to 11 &#8211; 17. Leikkaus maksaa 15\u20ac. Mik\u00e4li kynsien leikkaus on monimutkaisempaa ja tarvitsee enemm\u00e4n aikaa , tai mik\u00e4li tarvitset lis\u00e4palveluita,\u00a0 tulee sinun varata toimenpiteeseen aika numerosta 050 5177505. Veloitus on t\u00e4ll\u00f6in aikaperusteinen.<\/p>\n<p>AJANVARAUS<\/p>\n<p>Arkisin ma-pe kello 10-18 numerosta 0505177505\/ Wellu.<\/p>\n<p>Mik\u00e4li olet my\u00f6h\u00e4ss\u00e4 tai et p\u00e4\u00e4sek\u00e4\u00e4n tuomaan koiraasi toimenpiteeseen sille varattuna ajankohtana, tulee Sinun olla heti yhteydess\u00e4 trimmaajaan. Peruutus tulee suorittaa 24 h ennen trimmausajankohtaa. Peruuttamatta j\u00e4tetty aika veloitetaan t\u00e4ysim\u00e4\u00e4r\u00e4isen\u00e4 yleisen vahinkokorvauslain mukaisesti.<\/p>\n<p>KUKA MIN\u00c4 OLEN?<\/p>\n<p>Veli-Pekka Kumpum\u00e4ki eli \u201d Wellu\u201d<\/p>\n<p>Olen harrastanut koiria koko ik\u00e4ni. Ensimm\u00e4inen perheen oma koira oli pitk\u00e4karvainen collie, mutta 9- vuotiaana\u00a0 sain \u201d ihka oman koiran\u201d; valkoisen l\u00e4nsiyl\u00e4maanterrierin, ja sill\u00e4 tiell\u00e4 ollaan viel\u00e4kin. Perheeseeni kuuluu sek\u00e4 westieit\u00e4, ett\u00e4 skotteja, ja olen kasvattanut molempia rotuja vuodesta 1982 l\u00e4htien. Kasvateissani on yli 100 muotovaliota, sek\u00e4 yksi j\u00e4ljestysvalio ja yksi Agilityvalio ( USA). Trimmauksen saloihin perehdyin rotuj\u00e4rjest\u00f6n j\u00e4rjest\u00e4mill\u00e4 kursseilla ja my\u00f6hemmin kennelassistenttina tunnetuilla eri rotujen kasvattajilla niin Suomessa, kuin ulkomaillakin. Armeijapalvelukseni suoritin Kainuun Prikaatissa sotakoiramiehen\u00e4. Pian t\u00e4m\u00e4n j\u00e4lkeen perustin yritykseni vuonna 1994. Vuosien varrella olen trimmannut yli 200 koiraa muotovalioksi useista eri roduista. Olen toiminut kansainv\u00e4lisen trimmauskilpailun yhten\u00e4 tuomarina ( Golden Groomer, Belgia)ja toiminut alan kouluttajana niin Suomessa, kuin ulkomaillakin. Musti ja Mirri OYn lanseeraaman Dogroom &#8211; trimmauskonseptin ensimm\u00e4isen\u00e4 trimmausvalmentajana toimin sen perustamisen aikoihin parin vuoden ajan. Nyky\u00e4\u00e4n k\u00e4yn ajoittain kouluttamassa oppilaita Amiedulla, ja my\u00f6s koulutan oppisopimuksella\u00a0 trimmaajan ammattiin perehtyvi\u00e4 ja osaamistaan laajentavia alan yritt\u00e4ji\u00e4. Olen toiminut aktiivisesti my\u00f6s koirien ulkomuototuomarina sitten valmistumiseni vuonna 1999. Olen arvostellut ymp\u00e4ri maailman aina Australiaa my\u00f6den yli 20 eri maassa. Minulla on arvosteluoikeudet l\u00e4hestulkoon kaikkiin koirarotuihin. Koirat ovat siis koko el\u00e4m\u00e4ni.<\/p>\n","protected":false},"excerpt":{"rendered":"<p>STADIN MURRE tmi\u00a0 on koirien hyvinvointiin erikoistunut trimmausliike. Yritys on toiminut eri puolilla p\u00e4\u00e4kaupunkiamme jo yli 25- vuoden ajan, ja viimeiset viisi vuotta olemme tehneet jalansijaa Munkkiniemess\u00e4 sijaitsevan LEMMIKKIKULMAN yhteydess\u00e4. Asiakaskuntamme on kirjoltaan laaja, ja moni asiakkaistamme onkin jo s\u00e4\u00e4nn\u00f6llisesti<span class=\"ellipsis\">&hellip;<\/span><\/p>\n<div class=\"read-more\"><a href=\"http:\/\/www.lemmikkikulma.fi\/?page_id=27\">Read more &#8250;<\/a><\/div>\n<p><!-- end of .read-more --><\/p>\n","protected":false},"author":1,"featured_media":0,"parent":6,"menu_order":2,"comment_status":"open","ping_status":"open","template":"content-sidebar-page.php","meta":[],"_links":{"self":[{"href":"http:\/\/www.lemmikkikulma.fi\/index.php?rest_route=\/wp\/v2\/pages\/27"}],"collection":[{"href":"http:\/\/www.lemmikkikulma.fi\/index.php?rest_route=\/wp\/v2\/pages"}],"about":[{"href":"http:\/\/www.lemmikkikulma.fi\/index.php?rest_route=\/wp\/v2\/types\/page"}],"author":[{"embeddable":true,"href":"http:\/\/www.lemmikkikulma.fi\/index.php?rest_route=\/wp\/v2\/users\/1"}],"replies":[{"embeddable":true,"href":"http:\/\/www.lemmikkikulma.fi\/index.php?rest_route=%2Fwp%2Fv2%2Fcomments&post=27"}],"version-history":[{"count":25,"href":"http:\/\/www.lemmikkikulma.fi\/index.php?rest_route=\/wp\/v2\/pages\/27\/revisions"}],"predecessor-version":[{"id":418,"href":"http:\/\/www.lemmikkikulma.fi\/index.php?rest_route=\/wp\/v2\/pages\/27\/revisions\/418"}],"up":[{"embeddable":true,"href":"http:\/\/www.lemmikkikulma.fi\/index.php?rest_route=\/wp\/v2\/pages\/6"}],"wp:attachment":[{"href":"http:\/\/www.lemmikkikulma.fi\/index.php?rest_route=%2Fwp%2Fv2%2Fmedia&parent=27"}],"curies":[{"name":"wp","href":"https:\/\/api.w.org\/{rel}","templated":true}]}}