{"id":13,"date":"2013-12-16T05:17:34","date_gmt":"2013-12-16T05:17:34","guid":{"rendered":"http:\/\/localhost\/lemmikkikulma_wamp\/?page_id=13"},"modified":"2014-04-01T08:13:39","modified_gmt":"2014-04-01T08:13:39","slug":"jasenasiakkaat","status":"publish","type":"page","link":"http:\/\/www.lemmikkikulma.fi\/?page_id=13","title":{"rendered":"Kanta-asiakas"},"content":{"rendered":"<p>Nouda oma kanta-asiakaskorttisi Lemmikkikulmasta.<\/p>\n<p>Alennukset ovat voimassa aina ja saat ne heti ostohetkell\u00e4. Pysyv\u00e4t alennukset vaihtelevat 5%-10%. Lis\u00e4ksi kuukausittain on hyvi\u00e4 tuntuvia kanta-asiakas lis\u00e4tarjouksia.<\/p>\n<p><a href=\"http:\/\/www.lemmikkikulma.fi\/wp-content\/uploads\/2013\/12\/20140328_1500111-e1396339732270.jpg\"><img decoding=\"async\" loading=\"lazy\" alt=\"20140328_150011\" src=\"http:\/\/www.lemmikkikulma.fi\/wp-content\/uploads\/2013\/12\/20140328_1500111-e1396339732270-168x300.jpg\" width=\"168\" height=\"300\" \/><\/a><\/p>\n<p>&nbsp;<\/p>\n","protected":false},"excerpt":{"rendered":"<p>Nouda oma kanta-asiakaskorttisi Lemmikkikulmasta. Alennukset ovat voimassa aina ja saat ne heti ostohetkell\u00e4. Pysyv\u00e4t alennukset vaihtelevat 5%-10%. Lis\u00e4ksi kuukausittain on hyvi\u00e4 tuntuvia kanta-asiakas lis\u00e4tarjouksia. &nbsp;<\/p>\n","protected":false},"author":1,"featured_media":0,"parent":0,"menu_order":3,"comment_status":"open","ping_status":"open","template":"","meta":[],"_links":{"self":[{"href":"http:\/\/www.lemmikkikulma.fi\/index.php?rest_route=\/wp\/v2\/pages\/13"}],"collection":[{"href":"http:\/\/www.lemmikkikulma.fi\/index.php?rest_route=\/wp\/v2\/pages"}],"about":[{"href":"http:\/\/www.lemmikkikulma.fi\/index.php?rest_route=\/wp\/v2\/types\/page"}],"author":[{"embeddable":true,"href":"http:\/\/www.lemmikkikulma.fi\/index.php?rest_route=\/wp\/v2\/users\/1"}],"replies":[{"embeddable":true,"href":"http:\/\/www.lemmikkikulma.fi\/index.php?rest_route=%2Fwp%2Fv2%2Fcomments&post=13"}],"version-history":[{"count":6,"href":"http:\/\/www.lemmikkikulma.fi\/index.php?rest_route=\/wp\/v2\/pages\/13\/revisions"}],"predecessor-version":[{"id":154,"href":"http:\/\/www.lemmikkikulma.fi\/index.php?rest_route=\/wp\/v2\/pages\/13\/revisions\/154"}],"wp:attachment":[{"href":"http:\/\/www.lemmikkikulma.fi\/index.php?rest_route=%2Fwp%2Fv2%2Fmedia&parent=13"}],"curies":[{"name":"wp","href":"https:\/\/api.w.org\/{rel}","templated":true}]}}