{"id":11,"date":"2013-12-16T05:16:25","date_gmt":"2013-12-16T05:16:25","guid":{"rendered":"http:\/\/localhost\/lemmikkikulma_wamp\/?page_id=11"},"modified":"2024-11-15T15:28:49","modified_gmt":"2024-11-15T15:28:49","slug":"henkilokunta","status":"publish","type":"page","link":"http:\/\/www.lemmikkikulma.fi\/?page_id=11","title":{"rendered":"Henkil\u00f6kunta"},"content":{"rendered":"<p>Olen Talla Koskinen ja kauppiaana Lemmikkikulmassa.<\/p>\n<p>Ty\u00f6historiani on hotelli- ja ravintola-alalta, tapahtumamarkkinointi-alalta sek\u00e4 hyv\u00e4ntekev\u00e4isyydest\u00e4.<\/p>\n<p>El\u00e4intarvikeliike on ollut aina unelmani ja nyt toteutan ja el\u00e4n sit\u00e4 teid\u00e4n kanssanne \ud83d\ude42<\/p>\n<p>Toivotamme kaikki lemmikit ja lemmikkien omistajat tervetulleeksi meille,<\/p>\n<p>Talla ja nelijalkaiset apulaiset Isaac ja Damiano<\/p>\n<p><a href=\"http:\/\/www.lemmikkikulma.fi\/wp-content\/uploads\/2013\/12\/TFG.jpg\"><img decoding=\"async\" loading=\"lazy\" class=\"alignnone size-full wp-image-118\" src=\"http:\/\/www.lemmikkikulma.fi\/wp-content\/uploads\/2013\/12\/TFG.jpg\" alt=\"T&amp;F&amp;G\" width=\"352\" height=\"234\" srcset=\"http:\/\/www.lemmikkikulma.fi\/wp-content\/uploads\/2013\/12\/TFG.jpg 720w, http:\/\/www.lemmikkikulma.fi\/wp-content\/uploads\/2013\/12\/TFG-300x200.jpg 300w\" sizes=\"(max-width: 352px) 100vw, 352px\" \/><\/a><\/p>\n<p>Olen Pinja Laurovuori ja ty\u00f6skentelen myyj\u00e4n\u00e4 Lemmikkikulmassa. P\u00e4\u00e4ty\u00f6n\u00e4ni ty\u00f6skentelen p\u00e4ivitt\u00e4istavarakaupan alalla ja lis\u00e4ksi trimmaan koiria oman toiminimeni alla.<\/p>\n<p>Olen ns. kasvanut pentulaatikossa ja el\u00e4imet lajiin katsomatta ovat olleet aina osana el\u00e4m\u00e4\u00e4ni. Harrastustaustaa minulta l\u00f6ytyy koirien parista useista lajeista TOKOsta luolamets\u00e4stykseen.<\/p>\n<p>T\u00e4ll\u00e4 hetkell\u00e4 minulla on kolme koiraa, joiden kanssa k\u00e4yn n\u00e4yttelyiss\u00e4 sek\u00e4 harrastan monipuolisesti omaksi iloksi.<\/p>\n<p><a href=\"http:\/\/www.lemmikkikulma.fi\/wp-content\/uploads\/2013\/12\/12994510_10207439714568201_5874642143781833518_n.jpg\"><img decoding=\"async\" loading=\"lazy\" class=\"alignnone size-medium wp-image-203\" src=\"http:\/\/www.lemmikkikulma.fi\/wp-content\/uploads\/2013\/12\/12994510_10207439714568201_5874642143781833518_n-297x300.jpg\" alt=\"12994510_10207439714568201_5874642143781833518_n\" width=\"297\" height=\"300\" srcset=\"http:\/\/www.lemmikkikulma.fi\/wp-content\/uploads\/2013\/12\/12994510_10207439714568201_5874642143781833518_n-297x300.jpg 297w, http:\/\/www.lemmikkikulma.fi\/wp-content\/uploads\/2013\/12\/12994510_10207439714568201_5874642143781833518_n.jpg 899w\" sizes=\"(max-width: 297px) 100vw, 297px\" \/><\/a><\/p>\n","protected":false},"excerpt":{"rendered":"<p>Olen Talla Koskinen ja kauppiaana Lemmikkikulmassa. Ty\u00f6historiani on hotelli- ja ravintola-alalta, tapahtumamarkkinointi-alalta sek\u00e4 hyv\u00e4ntekev\u00e4isyydest\u00e4. El\u00e4intarvikeliike on ollut aina unelmani ja nyt toteutan ja el\u00e4n sit\u00e4 teid\u00e4n kanssanne \ud83d\ude42 Toivotamme kaikki lemmikit ja lemmikkien omistajat tervetulleeksi meille, Talla ja nelijalkaiset apulaiset<span class=\"ellipsis\">&hellip;<\/span><\/p>\n<div class=\"read-more\"><a href=\"http:\/\/www.lemmikkikulma.fi\/?page_id=11\">Read more &#8250;<\/a><\/div>\n<p><!-- end of .read-more --><\/p>\n","protected":false},"author":1,"featured_media":0,"parent":0,"menu_order":2,"comment_status":"open","ping_status":"open","template":"","meta":[],"_links":{"self":[{"href":"http:\/\/www.lemmikkikulma.fi\/index.php?rest_route=\/wp\/v2\/pages\/11"}],"collection":[{"href":"http:\/\/www.lemmikkikulma.fi\/index.php?rest_route=\/wp\/v2\/pages"}],"about":[{"href":"http:\/\/www.lemmikkikulma.fi\/index.php?rest_route=\/wp\/v2\/types\/page"}],"author":[{"embeddable":true,"href":"http:\/\/www.lemmikkikulma.fi\/index.php?rest_route=\/wp\/v2\/users\/1"}],"replies":[{"embeddable":true,"href":"http:\/\/www.lemmikkikulma.fi\/index.php?rest_route=%2Fwp%2Fv2%2Fcomments&post=11"}],"version-history":[{"count":13,"href":"http:\/\/www.lemmikkikulma.fi\/index.php?rest_route=\/wp\/v2\/pages\/11\/revisions"}],"predecessor-version":[{"id":491,"href":"http:\/\/www.lemmikkikulma.fi\/index.php?rest_route=\/wp\/v2\/pages\/11\/revisions\/491"}],"wp:attachment":[{"href":"http:\/\/www.lemmikkikulma.fi\/index.php?rest_route=%2Fwp%2Fv2%2Fmedia&parent=11"}],"curies":[{"name":"wp","href":"https:\/\/api.w.org\/{rel}","templated":true}]}}