{"id":107,"date":"2014-03-19T18:13:04","date_gmt":"2014-03-19T18:13:04","guid":{"rendered":"http:\/\/www.lemmikkikulma.fi\/?page_id=107"},"modified":"2024-11-15T15:36:36","modified_gmt":"2024-11-15T15:36:36","slug":"fysioterapeutti","status":"publish","type":"page","link":"http:\/\/www.lemmikkikulma.fi\/?page_id=107","title":{"rendered":"Hammaskiven puhdistus ilman nukutusta"},"content":{"rendered":"<p>KOIRIEN JA KISSOJEN KIVUTON HAMMASKIVEN POISTO ILMAN NUKUTUSTA<\/p>\n<div class=\"xdj266r x11i5rnm xat24cr x1mh8g0r x1vvkbs x126k92a\">\n<div dir=\"auto\">Huonoja uutisia hammaspeikoille, mutta hyvi\u00e4 uutisia koirille ja kissoille <span class=\"html-span xexx8yu x4uap5 x18d9i69 xkhd6sd x1hl2dhg x16tdsg8 x1vvkbs x3nfvp2 x1j61x8r x1fcty0u xdj266r xat24cr xgzva0m xhhsvwb xxymvpz xlup9mm x1kky2od\"><img decoding=\"async\" loading=\"lazy\" class=\"xz74otr\" src=\"https:\/\/static.xx.fbcdn.net\/images\/emoji.php\/v9\/t70\/1\/16\/1f415.png\" alt=\"?\" width=\"16\" height=\"16\"><\/span><span class=\"html-span xexx8yu x4uap5 x18d9i69 xkhd6sd x1hl2dhg x16tdsg8 x1vvkbs x3nfvp2 x1j61x8r x1fcty0u xdj266r xat24cr xgzva0m xhhsvwb xxymvpz xlup9mm x1kky2od\"><img decoding=\"async\" loading=\"lazy\" class=\"xz74otr\" src=\"https:\/\/static.xx.fbcdn.net\/images\/emoji.php\/v9\/t54\/1\/16\/1f408.png\" alt=\"?\" width=\"16\" height=\"16\"><\/span><span class=\"html-span xexx8yu x4uap5 x18d9i69 xkhd6sd x1hl2dhg x16tdsg8 x1vvkbs x3nfvp2 x1j61x8r x1fcty0u xdj266r xat24cr xgzva0m xhhsvwb xxymvpz xlup9mm x1kky2od\"><img decoding=\"async\" loading=\"lazy\" class=\"xz74otr\" src=\"https:\/\/static.xx.fbcdn.net\/images\/emoji.php\/v9\/t26\/1\/16\/1f9b7.png\" alt=\"?\" width=\"16\" height=\"16\"><\/span><\/div>\n<div dir=\"auto\"><\/div>\n<\/div>\n<div class=\"x11i5rnm xat24cr x1mh8g0r x1vvkbs xtlvy1s x126k92a\">\n<div dir=\"auto\">Klinikkael\u00e4inhoitaja\/koirahieroja Janni Erkola tekee meill\u00e4 koirahieronnan lis\u00e4ksi my\u00f6s Cleany Teeth ultra\u00e4\u00e4nihammasharjahoidot. Hoidolla poistetaan kaikki n\u00e4kyv\u00e4 hammaskivi ja se yll\u00e4pit\u00e4\u00e4 tehokkaasti my\u00f6s suun terveytt\u00e4.<\/div>\n<\/div>\n<div class=\"x11i5rnm xat24cr x1mh8g0r x1vvkbs xtlvy1s x126k92a\">\n<div dir=\"auto\">Janni on Lemmikkikulmassa torstaisin ja perjantaisin.<\/div>\n<div dir=\"auto\">Ajanvaraukset osoitteesta <span class=\"html-span xdj266r x11i5rnm xat24cr x1mh8g0r xexx8yu x4uap5 x18d9i69 xkhd6sd x1hl2dhg x16tdsg8 x1vvkbs\"><a class=\"x1i10hfl xjbqb8w x1ejq31n xd10rxx x1sy0etr x17r0tee x972fbf xcfux6l x1qhh985 xm0m39n x9f619 x1ypdohk xt0psk2 xe8uvvx xdj266r x11i5rnm xat24cr x1mh8g0r xexx8yu x4uap5 x18d9i69 xkhd6sd x16tdsg8 x1hl2dhg xggy1nq x1a2a7pz x1sur9pj xkrqix3 x1fey0fg x1s688f\" tabindex=\"0\" role=\"link\" href=\"https:\/\/l.facebook.com\/l.php?u=http%3A%2F%2Fvaraa.timma.fi%2Fkoirahierontakunto%3Ffbclid%3DIwZXh0bgNhZW0CMTAAAR2Xn_FQZCHCt1dS0VDSKESlzhFEqTaJbq8_gZ-123Yy74QgtdToBky_Lg0_aem_TaPmJKWPXfON56VSsxun0Q&amp;h=AT1YYH5bC-Oaq9o61OlumGmPLHiRlLydoDiQgbgIrn4UDwv8pMit__ibyVOcwJwLsUdF7XiQLwiAu4Nrr6_pz4B6PGc8y7WrYXiMgAql9bqLf2tRBRpV2kJ_GckcEGdDzXEjFLTwo7fnpVYHRw&amp;__tn__=-UK-R&amp;c[0]=AT2KC6jYkRxHXxSwKISFTWrNhKCHsTR-ELJSgxg41cnPDPFEcCUwENc7Ov7cTD7Z0ZO2RoPI8Wz645nUNcbqB8s4w2IGutQVbTLR1AGd719PwwjAfHCO60SH8VOWHtGCUUvor1loGc3pa_zyYbwpJQC8lqBJI7dQTLlOD03kktmE1liLy-_nNQNF96UCQBwLBfCIKWBEUKhp8AApMCHMV8X_rSw\" target=\"_blank\" rel=\"nofollow noopener noreferrer\">varaa.timma.fi\/koirahierontakunto<\/a><\/span> tai soittamalla kaupalle 050 364 5448.<\/div>\n<div dir=\"auto\"><\/div>\n<div dir=\"auto\">Tunnin puhdistuksen hinta on 80\u20ac. Hampaiden kunto tarkistetaan aina ennen aloitusta ja mik\u00e4li hampaiden kunto est\u00e4\u00e4 hoidon ohjataan asiakas suoraan el\u00e4inl\u00e4\u00e4k\u00e4rille. T\u00e4llaisessa tapauksessa on veloitus k\u00e4ynnist\u00e4 25\u20ac.<\/div>\n<\/div>\n<div class=\"x11i5rnm xat24cr x1mh8g0r x1vvkbs xtlvy1s x126k92a\">\n<div dir=\"auto\">Ajan peruuttaminen 12 tuntia ennen hoitoaikaa ja peruuttamatta j\u00e4tetyst\u00e4 ajasta perit\u00e4\u00e4n puolet hoitokerran hinnasta.<\/div>\n<\/div>\n\n\n<figure class=\"wp-block-image size-full\"><a href=\"http:\/\/www.lemmikkikulma.fi\/wp-content\/uploads\/2024\/11\/janni-1.jpg\"><img decoding=\"async\" loading=\"lazy\" width=\"640\" height=\"688\" src=\"http:\/\/www.lemmikkikulma.fi\/wp-content\/uploads\/2024\/11\/janni-1.jpg\" alt=\"\" class=\"wp-image-494\" srcset=\"http:\/\/www.lemmikkikulma.fi\/wp-content\/uploads\/2024\/11\/janni-1.jpg 640w, http:\/\/www.lemmikkikulma.fi\/wp-content\/uploads\/2024\/11\/janni-1-279x300.jpg 279w\" sizes=\"(max-width: 640px) 100vw, 640px\" \/><\/a><\/figure>\n","protected":false},"excerpt":{"rendered":"<p>KOIRIEN JA KISSOJEN KIVUTON HAMMASKIVEN POISTO ILMAN NUKUTUSTA Huonoja uutisia hammaspeikoille, mutta hyvi\u00e4 uutisia koirille ja kissoille Klinikkael\u00e4inhoitaja\/koirahieroja Janni Erkola tekee meill\u00e4 koirahieronnan lis\u00e4ksi my\u00f6s Cleany Teeth ultra\u00e4\u00e4nihammasharjahoidot. Hoidolla poistetaan kaikki n\u00e4kyv\u00e4 hammaskivi ja se yll\u00e4pit\u00e4\u00e4 tehokkaasti my\u00f6s suun terveytt\u00e4.<span class=\"ellipsis\">&hellip;<\/span><\/p>\n<div class=\"read-more\"><a href=\"http:\/\/www.lemmikkikulma.fi\/?page_id=107\">Read more &#8250;<\/a><\/div>\n<p><!-- end of .read-more --><\/p>\n","protected":false},"author":1,"featured_media":492,"parent":6,"menu_order":6,"comment_status":"open","ping_status":"open","template":"content-sidebar-page.php","meta":[],"_links":{"self":[{"href":"http:\/\/www.lemmikkikulma.fi\/index.php?rest_route=\/wp\/v2\/pages\/107"}],"collection":[{"href":"http:\/\/www.lemmikkikulma.fi\/index.php?rest_route=\/wp\/v2\/pages"}],"about":[{"href":"http:\/\/www.lemmikkikulma.fi\/index.php?rest_route=\/wp\/v2\/types\/page"}],"author":[{"embeddable":true,"href":"http:\/\/www.lemmikkikulma.fi\/index.php?rest_route=\/wp\/v2\/users\/1"}],"replies":[{"embeddable":true,"href":"http:\/\/www.lemmikkikulma.fi\/index.php?rest_route=%2Fwp%2Fv2%2Fcomments&post=107"}],"version-history":[{"count":13,"href":"http:\/\/www.lemmikkikulma.fi\/index.php?rest_route=\/wp\/v2\/pages\/107\/revisions"}],"predecessor-version":[{"id":496,"href":"http:\/\/www.lemmikkikulma.fi\/index.php?rest_route=\/wp\/v2\/pages\/107\/revisions\/496"}],"up":[{"embeddable":true,"href":"http:\/\/www.lemmikkikulma.fi\/index.php?rest_route=\/wp\/v2\/pages\/6"}],"wp:featuredmedia":[{"embeddable":true,"href":"http:\/\/www.lemmikkikulma.fi\/index.php?rest_route=\/wp\/v2\/media\/492"}],"wp:attachment":[{"href":"http:\/\/www.lemmikkikulma.fi\/index.php?rest_route=%2Fwp%2Fv2%2Fmedia&parent=107"}],"curies":[{"name":"wp","href":"https:\/\/api.w.org\/{rel}","templated":true}]}}